{"id":221457,"date":"2019-07-10T16:50:42","date_gmt":"2019-07-10T14:50:42","guid":{"rendered":"https:\/\/mylokalesuche.com\/websites\/2019\/wildhornhuette_ch\/impressum\/"},"modified":"2024-06-04T12:21:41","modified_gmt":"2024-06-04T10:21:41","slug":"impressum","status":"publish","type":"page","link":"https:\/\/wildhornhuette.ch\/fr\/impressum\/","title":{"rendered":"Impressum"},"content":{"rendered":"<p>[et_pb_section fb_built=\u00a0\u00bb1&Prime; custom_padding_last_edited=\u00a0\u00bbon|phone\u00a0\u00bb admin_label=\u00a0\u00bbBg Image 1900 x 542 pixels &#8211; Menu Page Layout\u00a0\u00bb module_class=\u00a0\u00bbmenu-page-header\u00a0\u00bb _builder_version=\u00a0\u00bb4.16&Prime; background_color=\u00a0\u00bb#f7f7f9&Prime; background_image=\u00a0\u00bbhttps:\/\/wildhornhuette.ch\/wp-content\/uploads\/2019\/08\/gut_zu_wissen.avif\u00a0\u00bb custom_padding=\u00a0\u00bb95px||119px||false|false\u00a0\u00bb custom_padding_tablet=\u00a0\u00bb40px||80px|\u00a0\u00bb custom_padding_phone=\u00a0\u00bb||40px|\u00a0\u00bb bottom_divider_style=\u00a0\u00bbgraph3&Prime; bottom_divider_color=\u00a0\u00bb#f7f7f9&Prime; bottom_divider_height=\u00a0\u00bb90px\u00a0\u00bb bottom_divider_flip=\u00a0\u00bbhorizontal|vertical\u00a0\u00bb bottom_divider_height_tablet=\u00a0\u00bb\u00a0\u00bb bottom_divider_height_phone=\u00a0\u00bb30px\u00a0\u00bb bottom_divider_height_last_edited=\u00a0\u00bbon|phone\u00a0\u00bb bottom_divider_repeat_tablet=\u00a0\u00bb\u00a0\u00bb bottom_divider_repeat_phone=\u00a0\u00bb\u00a0\u00bb bottom_divider_repeat_last_edited=\u00a0\u00bbon|desktop\u00a0\u00bb z_index_tablet=\u00a0\u00bb500&Prime; custom_css_before=\u00a0\u00bb content: %22%22;|| display: block;|| background-color: #151413;|| position: absolute;|| top: 0;|| left: 0;|| width: 100%;|| height: 100%;|| opacity: 0.4;\u00a0\u00bb box_shadow_horizontal_tablet=\u00a0\u00bb0px\u00a0\u00bb box_shadow_vertical_tablet=\u00a0\u00bb0px\u00a0\u00bb box_shadow_blur_tablet=\u00a0\u00bb40px\u00a0\u00bb box_shadow_spread_tablet=\u00a0\u00bb0px\u00a0\u00bb collapsed=\u00a0\u00bboff\u00a0\u00bb global_colors_info=\u00a0\u00bb{}\u00a0\u00bb][et_pb_row custom_padding_last_edited=\u00a0\u00bbon|tablet\u00a0\u00bb admin_label=\u00a0\u00bbMenu Page Layout &#8211; Jamie\u00a0\u00bb _builder_version=\u00a0\u00bb4.16&Prime; background_size=\u00a0\u00bbinitial\u00a0\u00bb background_position=\u00a0\u00bbtop_left\u00a0\u00bb background_repeat=\u00a0\u00bbrepeat\u00a0\u00bb custom_padding=\u00a0\u00bb80px||43px|\u00a0\u00bb custom_padding_tablet=\u00a0\u00bb160px||0px||false|false\u00a0\u00bb custom_padding_phone=\u00a0\u00bb\u00a0\u00bb use_custom_width=\u00a0\u00bbon\u00a0\u00bb custom_width_px=\u00a0\u00bb1175px\u00a0\u00bb collapsed=\u00a0\u00bboff\u00a0\u00bb global_colors_info=\u00a0\u00bb{}\u00a0\u00bb][et_pb_column type=\u00a0\u00bb4_4&Prime; _builder_version=\u00a0\u00bb4.16&Prime; custom_padding=\u00a0\u00bb|||\u00a0\u00bb global_colors_info=\u00a0\u00bb{}\u00a0\u00bb custom_padding__hover=\u00a0\u00bb|||\u00a0\u00bb][et_pb_cta title=\u00a0\u00bbImpressum\u00a0\u00bb admin_label=\u00a0\u00bbTitel\u00a0\u00bb _builder_version=\u00a0\u00bb4.16&Prime; header_level=\u00a0\u00bbh1&Prime; header_font=\u00a0\u00bbRoboto|700|||||||\u00a0\u00bb header_text_color=\u00a0\u00bb#ffffff\u00a0\u00bb header_font_size=\u00a0\u00bb36px\u00a0\u00bb header_line_height=\u00a0\u00bb55px\u00a0\u00bb body_font=\u00a0\u00bbLato||||||||\u00a0\u00bb body_text_align=\u00a0\u00bbleft\u00a0\u00bb body_text_color=\u00a0\u00bb#ffffff\u00a0\u00bb body_line_height=\u00a0\u00bb130%\u00a0\u00bb use_background_color=\u00a0\u00bboff\u00a0\u00bb text_orientation=\u00a0\u00bbleft\u00a0\u00bb custom_padding=\u00a0\u00bb300px||||false|false\u00a0\u00bb z_index_tablet=\u00a0\u00bb500&Prime; custom_css_promo_description=\u00a0\u00bbfont-weight: 400;||margin-left: 0;\u00a0\u00bb custom_css_promo_title=\u00a0\u00bbmargin-bottom: 0px;||margin-left: -3px;\u00a0\u00bb header_text_shadow_horizontal_length_tablet=\u00a0\u00bb0px\u00a0\u00bb header_text_shadow_vertical_length_tablet=\u00a0\u00bb0px\u00a0\u00bb header_text_shadow_blur_strength_tablet=\u00a0\u00bb1px\u00a0\u00bb body_text_shadow_horizontal_length_tablet=\u00a0\u00bb0px\u00a0\u00bb body_text_shadow_vertical_length_tablet=\u00a0\u00bb0px\u00a0\u00bb body_text_shadow_blur_strength_tablet=\u00a0\u00bb1px\u00a0\u00bb body_link_text_shadow_horizontal_length_tablet=\u00a0\u00bb0px\u00a0\u00bb body_link_text_shadow_vertical_length_tablet=\u00a0\u00bb0px\u00a0\u00bb body_link_text_shadow_blur_strength_tablet=\u00a0\u00bb1px\u00a0\u00bb body_ul_text_shadow_horizontal_length_tablet=\u00a0\u00bb0px\u00a0\u00bb body_ul_text_shadow_vertical_length_tablet=\u00a0\u00bb0px\u00a0\u00bb body_ul_text_shadow_blur_strength_tablet=\u00a0\u00bb1px\u00a0\u00bb body_ol_text_shadow_horizontal_length_tablet=\u00a0\u00bb0px\u00a0\u00bb body_ol_text_shadow_vertical_length_tablet=\u00a0\u00bb0px\u00a0\u00bb body_ol_text_shadow_blur_strength_tablet=\u00a0\u00bb1px\u00a0\u00bb body_quote_text_shadow_horizontal_length_tablet=\u00a0\u00bb0px\u00a0\u00bb body_quote_text_shadow_vertical_length_tablet=\u00a0\u00bb0px\u00a0\u00bb body_quote_text_shadow_blur_strength_tablet=\u00a0\u00bb1px\u00a0\u00bb button_text_shadow_horizontal_length_tablet=\u00a0\u00bb0px\u00a0\u00bb button_text_shadow_vertical_length_tablet=\u00a0\u00bb0px\u00a0\u00bb button_text_shadow_blur_strength_tablet=\u00a0\u00bb1px\u00a0\u00bb box_shadow_horizontal_tablet=\u00a0\u00bb0px\u00a0\u00bb box_shadow_vertical_tablet=\u00a0\u00bb0px\u00a0\u00bb box_shadow_blur_tablet=\u00a0\u00bb40px\u00a0\u00bb box_shadow_spread_tablet=\u00a0\u00bb0px\u00a0\u00bb box_shadow_horizontal_button_tablet=\u00a0\u00bb0px\u00a0\u00bb box_shadow_vertical_button_tablet=\u00a0\u00bb0px\u00a0\u00bb box_shadow_blur_button_tablet=\u00a0\u00bb40px\u00a0\u00bb box_shadow_spread_button_tablet=\u00a0\u00bb0px\u00a0\u00bb text_shadow_horizontal_length_tablet=\u00a0\u00bb0px\u00a0\u00bb text_shadow_vertical_length_tablet=\u00a0\u00bb0px\u00a0\u00bb text_shadow_blur_strength_tablet=\u00a0\u00bb1px\u00a0\u00bb global_colors_info=\u00a0\u00bb{}\u00a0\u00bb button_text_size__hover_enabled=\u00a0\u00bboff\u00a0\u00bb button_text_size__hover=\u00a0\u00bbnull\u00a0\u00bb button_one_text_size__hover_enabled=\u00a0\u00bboff\u00a0\u00bb button_one_text_size__hover=\u00a0\u00bbnull\u00a0\u00bb button_two_text_size__hover_enabled=\u00a0\u00bboff\u00a0\u00bb button_two_text_size__hover=\u00a0\u00bbnull\u00a0\u00bb button_text_color__hover_enabled=\u00a0\u00bboff\u00a0\u00bb button_text_color__hover=\u00a0\u00bbnull\u00a0\u00bb button_one_text_color__hover_enabled=\u00a0\u00bboff\u00a0\u00bb button_one_text_color__hover=\u00a0\u00bbnull\u00a0\u00bb button_two_text_color__hover_enabled=\u00a0\u00bboff\u00a0\u00bb button_two_text_color__hover=\u00a0\u00bbnull\u00a0\u00bb button_border_width__hover_enabled=\u00a0\u00bboff\u00a0\u00bb button_border_width__hover=\u00a0\u00bbnull\u00a0\u00bb button_one_border_width__hover_enabled=\u00a0\u00bboff\u00a0\u00bb button_one_border_width__hover=\u00a0\u00bbnull\u00a0\u00bb button_two_border_width__hover_enabled=\u00a0\u00bboff\u00a0\u00bb button_two_border_width__hover=\u00a0\u00bbnull\u00a0\u00bb button_border_color__hover_enabled=\u00a0\u00bboff\u00a0\u00bb button_border_color__hover=\u00a0\u00bbnull\u00a0\u00bb button_one_border_color__hover_enabled=\u00a0\u00bboff\u00a0\u00bb button_one_border_color__hover=\u00a0\u00bbnull\u00a0\u00bb button_two_border_color__hover_enabled=\u00a0\u00bboff\u00a0\u00bb button_two_border_color__hover=\u00a0\u00bbnull\u00a0\u00bb button_border_radius__hover_enabled=\u00a0\u00bboff\u00a0\u00bb button_border_radius__hover=\u00a0\u00bbnull\u00a0\u00bb button_one_border_radius__hover_enabled=\u00a0\u00bboff\u00a0\u00bb button_one_border_radius__hover=\u00a0\u00bbnull\u00a0\u00bb button_two_border_radius__hover_enabled=\u00a0\u00bboff\u00a0\u00bb button_two_border_radius__hover=\u00a0\u00bbnull\u00a0\u00bb button_letter_spacing__hover_enabled=\u00a0\u00bboff\u00a0\u00bb button_letter_spacing__hover=\u00a0\u00bbnull\u00a0\u00bb button_one_letter_spacing__hover_enabled=\u00a0\u00bboff\u00a0\u00bb button_one_letter_spacing__hover=\u00a0\u00bbnull\u00a0\u00bb button_two_letter_spacing__hover_enabled=\u00a0\u00bboff\u00a0\u00bb button_two_letter_spacing__hover=\u00a0\u00bbnull\u00a0\u00bb button_bg_color__hover_enabled=\u00a0\u00bboff\u00a0\u00bb button_bg_color__hover=\u00a0\u00bbnull\u00a0\u00bb button_one_bg_color__hover_enabled=\u00a0\u00bboff\u00a0\u00bb button_one_bg_color__hover=\u00a0\u00bbnull\u00a0\u00bb button_two_bg_color__hover_enabled=\u00a0\u00bboff\u00a0\u00bb button_two_bg_color__hover=\u00a0\u00bbnull\u00a0\u00bb]<\/p>\n<p>[\/et_pb_cta][\/et_pb_column][\/et_pb_row][\/et_pb_section][et_pb_section fb_built=\u00a0\u00bb1&Prime; admin_label=\u00a0\u00bbMenu Page Layout\u00a0\u00bb module_class=\u00a0\u00bbjamie_home_specials \u00a0\u00bb _builder_version=\u00a0\u00bb4.16&Prime; background_color=\u00a0\u00bb#f7f7f9&Prime; z_index_tablet=\u00a0\u00bb500&Prime; box_shadow_horizontal_tablet=\u00a0\u00bb0px\u00a0\u00bb box_shadow_vertical_tablet=\u00a0\u00bb0px\u00a0\u00bb box_shadow_blur_tablet=\u00a0\u00bb40px\u00a0\u00bb box_shadow_spread_tablet=\u00a0\u00bb0px\u00a0\u00bb collapsed=\u00a0\u00bboff\u00a0\u00bb global_colors_info=\u00a0\u00bb{}\u00a0\u00bb][et_pb_row _builder_version=\u00a0\u00bb4.16&Prime; background_color=\u00a0\u00bb#ffffff\u00a0\u00bb background_size=\u00a0\u00bbinitial\u00a0\u00bb background_position=\u00a0\u00bbtop_left\u00a0\u00bb background_repeat=\u00a0\u00bbrepeat\u00a0\u00bb custom_padding=\u00a0\u00bb20px|20px|20px|20px\u00a0\u00bb z_index_tablet=\u00a0\u00bb500&Prime; border_width_all=\u00a0\u00bb2px\u00a0\u00bb border_color_all=\u00a0\u00bb#d9d9d9&Prime; box_shadow_horizontal_tablet=\u00a0\u00bb0px\u00a0\u00bb box_shadow_vertical_tablet=\u00a0\u00bb0px\u00a0\u00bb box_shadow_blur_tablet=\u00a0\u00bb40px\u00a0\u00bb box_shadow_spread_tablet=\u00a0\u00bb0px\u00a0\u00bb global_colors_info=\u00a0\u00bb{}\u00a0\u00bb][et_pb_column type=\u00a0\u00bb4_4&Prime; _builder_version=\u00a0\u00bb4.16&Prime; custom_padding=\u00a0\u00bb|||\u00a0\u00bb global_colors_info=\u00a0\u00bb{}\u00a0\u00bb custom_padding__hover=\u00a0\u00bb|||\u00a0\u00bb][et_pb_text _builder_version=\u00a0\u00bb4.24.2&Prime; z_index_tablet=\u00a0\u00bb500&Prime; text_text_shadow_horizontal_length_tablet=\u00a0\u00bb0px\u00a0\u00bb text_text_shadow_vertical_length_tablet=\u00a0\u00bb0px\u00a0\u00bb text_text_shadow_blur_strength_tablet=\u00a0\u00bb1px\u00a0\u00bb link_text_shadow_horizontal_length_tablet=\u00a0\u00bb0px\u00a0\u00bb link_text_shadow_vertical_length_tablet=\u00a0\u00bb0px\u00a0\u00bb link_text_shadow_blur_strength_tablet=\u00a0\u00bb1px\u00a0\u00bb ul_text_shadow_horizontal_length_tablet=\u00a0\u00bb0px\u00a0\u00bb ul_text_shadow_vertical_length_tablet=\u00a0\u00bb0px\u00a0\u00bb ul_text_shadow_blur_strength_tablet=\u00a0\u00bb1px\u00a0\u00bb ol_text_shadow_horizontal_length_tablet=\u00a0\u00bb0px\u00a0\u00bb ol_text_shadow_vertical_length_tablet=\u00a0\u00bb0px\u00a0\u00bb ol_text_shadow_blur_strength_tablet=\u00a0\u00bb1px\u00a0\u00bb quote_text_shadow_horizontal_length_tablet=\u00a0\u00bb0px\u00a0\u00bb quote_text_shadow_vertical_length_tablet=\u00a0\u00bb0px\u00a0\u00bb quote_text_shadow_blur_strength_tablet=\u00a0\u00bb1px\u00a0\u00bb header_text_shadow_horizontal_length_tablet=\u00a0\u00bb0px\u00a0\u00bb header_text_shadow_vertical_length_tablet=\u00a0\u00bb0px\u00a0\u00bb header_text_shadow_blur_strength_tablet=\u00a0\u00bb1px\u00a0\u00bb header_2_text_shadow_horizontal_length_tablet=\u00a0\u00bb0px\u00a0\u00bb header_2_text_shadow_vertical_length_tablet=\u00a0\u00bb0px\u00a0\u00bb header_2_text_shadow_blur_strength_tablet=\u00a0\u00bb1px\u00a0\u00bb header_3_text_shadow_horizontal_length_tablet=\u00a0\u00bb0px\u00a0\u00bb header_3_text_shadow_vertical_length_tablet=\u00a0\u00bb0px\u00a0\u00bb header_3_text_shadow_blur_strength_tablet=\u00a0\u00bb1px\u00a0\u00bb header_4_text_shadow_horizontal_length_tablet=\u00a0\u00bb0px\u00a0\u00bb header_4_text_shadow_vertical_length_tablet=\u00a0\u00bb0px\u00a0\u00bb header_4_text_shadow_blur_strength_tablet=\u00a0\u00bb1px\u00a0\u00bb header_5_text_shadow_horizontal_length_tablet=\u00a0\u00bb0px\u00a0\u00bb header_5_text_shadow_vertical_length_tablet=\u00a0\u00bb0px\u00a0\u00bb header_5_text_shadow_blur_strength_tablet=\u00a0\u00bb1px\u00a0\u00bb header_6_text_shadow_horizontal_length_tablet=\u00a0\u00bb0px\u00a0\u00bb header_6_text_shadow_vertical_length_tablet=\u00a0\u00bb0px\u00a0\u00bb header_6_text_shadow_blur_strength_tablet=\u00a0\u00bb1px\u00a0\u00bb box_shadow_horizontal_tablet=\u00a0\u00bb0px\u00a0\u00bb box_shadow_vertical_tablet=\u00a0\u00bb0px\u00a0\u00bb box_shadow_blur_tablet=\u00a0\u00bb40px\u00a0\u00bb box_shadow_spread_tablet=\u00a0\u00bb0px\u00a0\u00bb global_colors_info=\u00a0\u00bb{}\u00a0\u00bb]<\/p>\n<h2><strong>Adresse <\/strong><\/h2>\n<p>Wildhornh\u00fctte SAC<\/p>\n<p>3775 Lenk, BE<br \/>Koordinaten 596.100\/136.430<br \/>H\u00f6he 2303 m.\u00fc.M.<\/p>\n<p>\u00a0M.Canova GmbH<br \/>Gansernweg 5 Waldhofstrasse 5<br \/>3414 Oberburg BE 4900 Langenthal<\/p>\n<p>+41 33 733 23 82<\/p>\n<p><a href=\"mailto:info@wildhornhuette.ch\">info@wildhornhuette.ch<\/a><\/p>\n<h2>D\u00e9n\u00e9gation<\/h2>\n<p>Cette page d&rsquo;accueil contient des liens (liens) vers d&rsquo;autres pages Web. Le SAC Wildhornh\u00fctte n\u2019a aucune influence sur leur conception ou leur contenu et n\u2019assume donc aucune responsabilit\u00e9. En particulier, toute responsabilit\u00e9 \u00e0 l&rsquo;\u00e9gard du contenu est express\u00e9ment rejet\u00e9e, qu&rsquo;elle soit ill\u00e9gale, immorale ou m\u00eame non adapt\u00e9e \u00e0 l&rsquo;\u00e2ge. Le visiteur d&rsquo;un tel site Web, qui est li\u00e9 au site Web du SAC de Wildhornh\u00fctte, est enti\u00e8rement responsable de sa visite.<\/p>\n<h2>assurance<\/h2>\n<p>Wildhornh\u00fctte SAC prend toutes les mesures raisonnables pour assurer la fiabilit\u00e9 des informations pr\u00e9sent\u00e9es, mais ne fait aucune d\u00e9claration quant \u00e0 l&rsquo;exactitude, la fiabilit\u00e9 ou l&rsquo;exhaustivit\u00e9 des informations contenues sur le site. Le SAC Wildhornh\u00fctte se r\u00e9serve le droit d\u2019apporter des modifications \u00e0 ce site Web sans pr\u00e9avis.<\/p>\n<p>[\/et_pb_text][\/et_pb_column][\/et_pb_row][\/et_pb_section]<\/p>\n","protected":false},"excerpt":{"rendered":"<p>Adresse Wildhornh\u00fctte SAC 3775 Lenk, BEKoordinaten 596.100\/136.430H\u00f6he 2303 m.\u00fc.M. \u00a0M.Canova GmbHGansernweg 5 Waldhofstrasse 53414 Oberburg BE 4900 Langenthal +41 33 733 23 82 info@wildhornhuette.ch D\u00e9n\u00e9gation Cette page d&rsquo;accueil contient des liens (liens) vers d&rsquo;autres pages Web. Le SAC Wildhornh\u00fctte n\u2019a aucune influence sur leur conception ou leur contenu et n\u2019assume donc aucune responsabilit\u00e9. En particulier, toute responsabilit\u00e9 \u00e0 l&rsquo;\u00e9gard du contenu est express\u00e9ment rejet\u00e9e, qu&rsquo;elle soit ill\u00e9gale, immorale ou m\u00eame non adapt\u00e9e \u00e0 l&rsquo;\u00e2ge. Le visiteur d&rsquo;un tel site Web, qui est li\u00e9 au site Web du SAC de Wildhornh\u00fctte, est enti\u00e8rement responsable de sa visite. assurance Wildhornh\u00fctte SAC prend toutes les mesures raisonnables pour assurer la fiabilit\u00e9 des informations pr\u00e9sent\u00e9es, mais ne fait aucune d\u00e9claration quant \u00e0 l&rsquo;exactitude, la fiabilit\u00e9 ou l&rsquo;exhaustivit\u00e9 des informations contenues sur le site. Le SAC Wildhornh\u00fctte se r\u00e9serve le droit d\u2019apporter des modifications \u00e0 ce site Web sans pr\u00e9avis.<\/p>\n","protected":false},"author":1,"featured_media":0,"parent":0,"menu_order":0,"comment_status":"closed","ping_status":"closed","template":"","meta":{"_et_pb_use_builder":"on","_et_pb_old_content":"","_et_gb_content_width":"","footnotes":""},"class_list":["post-221457","page","type-page","status-publish","hentry"],"yoast_head":"<title>Impressum - Wildhornh\u00fctte SAC<\/title>\n<meta name=\"description\" content=\"Hier finden Sie das Impressum der Wildhornh\u00fctte SAC. F\u00fcr weitere Ausk\u00fcnfte stehen wir Ihnen gerne zur Verf\u00fcgung.\" \/>\n<meta name=\"robots\" content=\"index, follow, max-snippet:-1, max-image-preview:large, max-video-preview:-1\" \/>\n<link rel=\"canonical\" href=\"https:\/\/wildhornhuette.ch\/fr\/impressum\/\" \/>\n<meta property=\"og:locale\" content=\"fr_FR\" \/>\n<meta property=\"og:type\" content=\"article\" \/>\n<meta property=\"og:title\" content=\"Impressum - Wildhornh\u00fctte SAC\" \/>\n<meta property=\"og:description\" content=\"Hier finden Sie das Impressum der Wildhornh\u00fctte SAC. F\u00fcr weitere Ausk\u00fcnfte stehen wir Ihnen gerne zur Verf\u00fcgung.\" \/>\n<meta property=\"og:url\" content=\"https:\/\/wildhornhuette.ch\/fr\/impressum\/\" \/>\n<meta property=\"og:site_name\" content=\"Wildhornh\u00fctte SAC\" \/>\n<meta property=\"article:publisher\" content=\"https:\/\/www.facebook.com\/wildhorn\/\" \/>\n<meta property=\"article:modified_time\" content=\"2024-06-04T10:21:41+00:00\" \/>\n<meta name=\"twitter:card\" content=\"summary_large_image\" \/>\n<meta name=\"twitter:label1\" content=\"Dur\u00e9e de lecture estim\u00e9e\" \/>\n\t<meta name=\"twitter:data1\" content=\"1 minute\" \/>\n<script type=\"application\/ld+json\" class=\"yoast-schema-graph\">{\"@context\":\"https:\\\/\\\/schema.org\",\"@graph\":[{\"@type\":\"WebPage\",\"@id\":\"https:\\\/\\\/wildhornhuette.ch\\\/fr\\\/impressum\\\/\",\"url\":\"https:\\\/\\\/wildhornhuette.ch\\\/fr\\\/impressum\\\/\",\"name\":\"Impressum - Wildhornh\u00fctte SAC\",\"isPartOf\":{\"@id\":\"https:\\\/\\\/wildhornhuette.ch\\\/#website\"},\"datePublished\":\"2019-07-10T14:50:42+00:00\",\"dateModified\":\"2024-06-04T10:21:41+00:00\",\"description\":\"Hier finden Sie das Impressum der Wildhornh\u00fctte SAC. F\u00fcr weitere Ausk\u00fcnfte stehen wir Ihnen gerne zur Verf\u00fcgung.\",\"breadcrumb\":{\"@id\":\"https:\\\/\\\/wildhornhuette.ch\\\/fr\\\/impressum\\\/#breadcrumb\"},\"inLanguage\":\"fr-FR\",\"potentialAction\":[{\"@type\":\"ReadAction\",\"target\":[\"https:\\\/\\\/wildhornhuette.ch\\\/fr\\\/impressum\\\/\"]}]},{\"@type\":\"BreadcrumbList\",\"@id\":\"https:\\\/\\\/wildhornhuette.ch\\\/fr\\\/impressum\\\/#breadcrumb\",\"itemListElement\":[{\"@type\":\"ListItem\",\"position\":1,\"name\":\"Home\",\"item\":\"https:\\\/\\\/wildhornhuette.ch\\\/fr\\\/\"},{\"@type\":\"ListItem\",\"position\":2,\"name\":\"Impressum\"}]},{\"@type\":\"WebSite\",\"@id\":\"https:\\\/\\\/wildhornhuette.ch\\\/#website\",\"url\":\"https:\\\/\\\/wildhornhuette.ch\\\/\",\"name\":\"Wildhornh\u00fctte SAC\",\"description\":\"auf 2303 m.\u00fc.M. im Naturschutzgebiet Gelten-Iffigen, am Fusse des Wildhorns\",\"publisher\":{\"@id\":\"https:\\\/\\\/wildhornhuette.ch\\\/#organization\"},\"potentialAction\":[{\"@type\":\"SearchAction\",\"target\":{\"@type\":\"EntryPoint\",\"urlTemplate\":\"https:\\\/\\\/wildhornhuette.ch\\\/?s={search_term_string}\"},\"query-input\":{\"@type\":\"PropertyValueSpecification\",\"valueRequired\":true,\"valueName\":\"search_term_string\"}}],\"inLanguage\":\"fr-FR\"},{\"@type\":\"Organization\",\"@id\":\"https:\\\/\\\/wildhornhuette.ch\\\/#organization\",\"name\":\"Wildhornh\u00fctte SAC\",\"url\":\"https:\\\/\\\/wildhornhuette.ch\\\/\",\"logo\":{\"@type\":\"ImageObject\",\"inLanguage\":\"fr-FR\",\"@id\":\"https:\\\/\\\/wildhornhuette.ch\\\/#\\\/schema\\\/logo\\\/image\\\/\",\"url\":\"https:\\\/\\\/wildhornhuette.ch\\\/wp-content\\\/uploads\\\/2019\\\/07\\\/logo-wildhorn_rgb.png\",\"contentUrl\":\"https:\\\/\\\/wildhornhuette.ch\\\/wp-content\\\/uploads\\\/2019\\\/07\\\/logo-wildhorn_rgb.png\",\"width\":244,\"height\":122,\"caption\":\"Wildhornh\u00fctte SAC\"},\"image\":{\"@id\":\"https:\\\/\\\/wildhornhuette.ch\\\/#\\\/schema\\\/logo\\\/image\\\/\"},\"sameAs\":[\"https:\\\/\\\/www.facebook.com\\\/wildhorn\\\/\",\"https:\\\/\\\/www.instagram.com\\\/wildhornhuette_sac\\\/\"]}]}<\/script>","yoast_head_json":{"title":"Impressum - Wildhornh\u00fctte SAC","description":"Hier finden Sie das Impressum der Wildhornh\u00fctte SAC. F\u00fcr weitere Ausk\u00fcnfte stehen wir Ihnen gerne zur Verf\u00fcgung.","robots":{"index":"index","follow":"follow","max-snippet":"max-snippet:-1","max-image-preview":"max-image-preview:large","max-video-preview":"max-video-preview:-1"},"canonical":"https:\/\/wildhornhuette.ch\/fr\/impressum\/","og_locale":"fr_FR","og_type":"article","og_title":"Impressum - Wildhornh\u00fctte SAC","og_description":"Hier finden Sie das Impressum der Wildhornh\u00fctte SAC. F\u00fcr weitere Ausk\u00fcnfte stehen wir Ihnen gerne zur Verf\u00fcgung.","og_url":"https:\/\/wildhornhuette.ch\/fr\/impressum\/","og_site_name":"Wildhornh\u00fctte SAC","article_publisher":"https:\/\/www.facebook.com\/wildhorn\/","article_modified_time":"2024-06-04T10:21:41+00:00","twitter_card":"summary_large_image","twitter_misc":{"Dur\u00e9e de lecture estim\u00e9e":"1 minute"},"schema":{"@context":"https:\/\/schema.org","@graph":[{"@type":"WebPage","@id":"https:\/\/wildhornhuette.ch\/fr\/impressum\/","url":"https:\/\/wildhornhuette.ch\/fr\/impressum\/","name":"Impressum - Wildhornh\u00fctte SAC","isPartOf":{"@id":"https:\/\/wildhornhuette.ch\/#website"},"datePublished":"2019-07-10T14:50:42+00:00","dateModified":"2024-06-04T10:21:41+00:00","description":"Hier finden Sie das Impressum der Wildhornh\u00fctte SAC. F\u00fcr weitere Ausk\u00fcnfte stehen wir Ihnen gerne zur Verf\u00fcgung.","breadcrumb":{"@id":"https:\/\/wildhornhuette.ch\/fr\/impressum\/#breadcrumb"},"inLanguage":"fr-FR","potentialAction":[{"@type":"ReadAction","target":["https:\/\/wildhornhuette.ch\/fr\/impressum\/"]}]},{"@type":"BreadcrumbList","@id":"https:\/\/wildhornhuette.ch\/fr\/impressum\/#breadcrumb","itemListElement":[{"@type":"ListItem","position":1,"name":"Home","item":"https:\/\/wildhornhuette.ch\/fr\/"},{"@type":"ListItem","position":2,"name":"Impressum"}]},{"@type":"WebSite","@id":"https:\/\/wildhornhuette.ch\/#website","url":"https:\/\/wildhornhuette.ch\/","name":"Wildhornh\u00fctte SAC","description":"auf 2303 m.\u00fc.M. im Naturschutzgebiet Gelten-Iffigen, am Fusse des Wildhorns","publisher":{"@id":"https:\/\/wildhornhuette.ch\/#organization"},"potentialAction":[{"@type":"SearchAction","target":{"@type":"EntryPoint","urlTemplate":"https:\/\/wildhornhuette.ch\/?s={search_term_string}"},"query-input":{"@type":"PropertyValueSpecification","valueRequired":true,"valueName":"search_term_string"}}],"inLanguage":"fr-FR"},{"@type":"Organization","@id":"https:\/\/wildhornhuette.ch\/#organization","name":"Wildhornh\u00fctte SAC","url":"https:\/\/wildhornhuette.ch\/","logo":{"@type":"ImageObject","inLanguage":"fr-FR","@id":"https:\/\/wildhornhuette.ch\/#\/schema\/logo\/image\/","url":"https:\/\/wildhornhuette.ch\/wp-content\/uploads\/2019\/07\/logo-wildhorn_rgb.png","contentUrl":"https:\/\/wildhornhuette.ch\/wp-content\/uploads\/2019\/07\/logo-wildhorn_rgb.png","width":244,"height":122,"caption":"Wildhornh\u00fctte SAC"},"image":{"@id":"https:\/\/wildhornhuette.ch\/#\/schema\/logo\/image\/"},"sameAs":["https:\/\/www.facebook.com\/wildhorn\/","https:\/\/www.instagram.com\/wildhornhuette_sac\/"]}]}},"_links":{"self":[{"href":"https:\/\/wildhornhuette.ch\/fr\/wp-json\/wp\/v2\/pages\/221457","targetHints":{"allow":["GET"]}}],"collection":[{"href":"https:\/\/wildhornhuette.ch\/fr\/wp-json\/wp\/v2\/pages"}],"about":[{"href":"https:\/\/wildhornhuette.ch\/fr\/wp-json\/wp\/v2\/types\/page"}],"author":[{"embeddable":true,"href":"https:\/\/wildhornhuette.ch\/fr\/wp-json\/wp\/v2\/users\/1"}],"replies":[{"embeddable":true,"href":"https:\/\/wildhornhuette.ch\/fr\/wp-json\/wp\/v2\/comments?post=221457"}],"version-history":[{"count":0,"href":"https:\/\/wildhornhuette.ch\/fr\/wp-json\/wp\/v2\/pages\/221457\/revisions"}],"wp:attachment":[{"href":"https:\/\/wildhornhuette.ch\/fr\/wp-json\/wp\/v2\/media?parent=221457"}],"curies":[{"name":"wp","href":"https:\/\/api.w.org\/{rel}","templated":true}]}}